{"id":11960,"date":"2019-05-13T21:02:12","date_gmt":"2019-05-13T19:02:12","guid":{"rendered":"https:\/\/www.jordan-mt.com\/?page_id=11960"},"modified":"2024-01-19T14:59:18","modified_gmt":"2024-01-19T12:59:18","slug":"nachhaltigkeit","status":"publish","type":"page","link":"https:\/\/www.jordan-mt.com\/de\/nachhaltigkeit\/","title":{"rendered":"Nachhaltigkeit"},"content":{"rendered":"<div class=\"wpb-content-wrapper\"><p>[vc_row full_width=&#8221;stretch_row&#8221; parallax=&#8221;content-moving&#8221; parallax_image=&#8221;10540&#8243; padding_top=&#8221;60px&#8221; padding_bottom=&#8221;30px&#8221; el_class=&#8221;jordanmt-div-page-titles&#8221; css=&#8221;.vc_custom_1575309589398{padding-top: 190px !important;padding-bottom: 190px !important;}&#8221;][vc_column el_class=&#8221;jordanmt-columndiv-page-titles&#8221;][\/vc_column][\/vc_row][vc_row full_width=&#8221;stretch_row&#8221; gap=&#8221;35&#8243; el_class=&#8221;jordanmt-about-text&#8221; css=&#8221;.vc_custom_1558621291669{padding-top: 0px !important;padding-bottom: 0px !important;}&#8221;][vc_column css=&#8221;.vc_custom_1558621309633{padding-top: 0px !important;padding-bottom: 0px !important;}&#8221;][vc_raw_html el_class=&#8221;jordanmt-pages-claim&#8221;]JTNDaDIlM0VXZSUyMFN1cHBseSUyMFNvbHV0aW9ucyUzQyUyRmgyJTNF[\/vc_raw_html][\/vc_column][\/vc_row][vc_row full_width=&#8221;stretch_row&#8221; gap=&#8221;35&#8243; seperator_enable=&#8221;seperator_enable_value&#8221; seperator_type=&#8221;xlarge_triangle_seperator&#8221; seperator_position=&#8221;bottom_seperator&#8221; seperator_svg_height=&#8221;90&#8243; seperator_shape_background=&#8221;#3083c9&#8243; padding_top=&#8221;60px&#8221; padding_bottom=&#8221;30px&#8221; css=&#8221;.vc_custom_1558621393504{padding-top: 0px !important;padding-bottom: 30px !important;}&#8221; el_class=&#8221;jordanmt-about-text&#8221;][vc_column width=&#8221;1\/6&#8243;][\/vc_column][vc_column width=&#8221;2\/3&#8243;][vc_custom_heading text=&#8221;NACHHALTIGKEITSPOLITIK&#8221; font_container=&#8221;tag:h3|text_align:center|color:%23000000&#8243; google_fonts=&#8221;font_family:Montserrat%3Aregular%2C700|font_style:700%20bold%20regular%3A700%3Anormal&#8221; el_class=&#8221;jordanmt-subtitles-empresa&#8221;][vc_column_text]<\/p>\n<p style=\"text-align: center;\">Wir glauben an ein langfristiges Projekt, das auf Anstrengung, dem Aufbau vertrauensvoller Beziehungen und dem Respekt f\u00fcr die verschiedenen Umgebungen, in denen wir t\u00e4tig sind, beruht.<\/p>\n<p style=\"text-align: center;\">Unser Ziel ist es, unseren Kunden auf verantwortungsvolle und effiziente Weise qualitativ hochwertige Dienstleistungen zu bieten, die Rentabilit\u00e4t der Immobilie zu gew\u00e4hrleisten, eine Kultur der Ethik und der Compliance zu f\u00f6rdern, die berufliche Weiterbildung der Mitarbeiter zu unterst\u00fctzen, die Entwicklung des sozialen Umfelds, in dem wir t\u00e4tig sind, zu begleiten und die f\u00fcr unsere T\u00e4tigkeit erforderlichen nat\u00fcrlichen Ressourcen nachhaltig zu nutzen, und zwar unter dem Gesichtspunkt der Schaffung gemeinsamer Werte mit allen unseren Interessengruppen. Wir sind uns bewusst, dass die ausgewogene Wahrnehmung unserer wirtschaftlichen, sozialen und \u00f6kologischen Verantwortung auf der Grundlage von Nachhaltigkeitskriterien von wesentlicher Bedeutung ist, um unsere derzeitige Position zu halten und f\u00fcr die Zukunft zu st\u00e4rken.<\/p>\n<p style=\"text-align: center;\">Diese Werte stehen im Mittelpunkt unseres st\u00e4ndigen Bem\u00fchens um die Qualit\u00e4t von Mensch und Produkt, die Effizienz der Prozesse und die Professionalit\u00e4t unserer Mitarbeiter, die es uns erm\u00f6glichen, uns Tag f\u00fcr Tag zu verbessern und unseren Kunden ein Produkt anzubieten, dem sie vertrauen k\u00f6nnen.<\/p>\n<p style=\"text-align: center;\">Jordan hat sich zu einer Politik der st\u00e4ndigen Weiterbildung verpflichtet, die sich in verbesserten Arbeitsmethoden niederschl\u00e4gt.<\/p>\n<p style=\"text-align: center;\"><a href=\"https:\/\/www.jordan-mt.com\/wp-content\/uploads\/2019\/06\/politica-sostenibilidad.pdf\" target=\"_blank\" rel=\"noopener\"><i class=\"fa fa-file\"><\/i> Laden Sie unsere Nachhaltigkeitspolitik herunter.<\/a><\/p>\n<p>[\/vc_column_text][\/vc_column][vc_column width=&#8221;1\/6&#8243;][\/vc_column][\/vc_row][vc_row full_width=&#8221;stretch_row&#8221; bg_type=&#8221;image&#8221; parallax_style=&#8221;vcpb-default&#8221; bg_image_new=&#8221;id^9727|url^https:\/\/www.jordan-mt.com\/wp-content\/uploads\/2018\/09\/medio-ambiente-bg.jpg|caption^Medio ambiente|alt^Medio ambiente|title^Medio ambiente|description^Medio ambiente&#8221; bg_image_repeat=&#8221;no-repeat&#8221; bg_image_posiiton=&#8221;center bottom&#8221; el_class=&#8221;jordanmt-div-content-empresa&#8221;][vc_column width=&#8221;1\/6&#8243;][\/vc_column][vc_column width=&#8221;2\/3&#8243;][vc_custom_heading text=&#8221;UMWELTPOLITIK&#8221; font_container=&#8221;tag:h3|text_align:center|color:%23ffffff&#8221; google_fonts=&#8221;font_family:Montserrat%3Aregular%2C700|font_style:700%20bold%20regular%3A700%3Anormal&#8221; el_class=&#8221;jordanmt-subtitles-empresa&#8221;][vc_column_text el_class=&#8221;jordanmt-clear-text&#8221;]<\/p>\n<p style=\"text-align: center;\">Wir sind uns bewusst, dass die in unseren Betrieben ausge\u00fcbte T\u00e4tigkeit Auswirkungen auf die Natur und die Umwelt hat, und nehmen daher unsere besondere Verantwortung f\u00fcr deren Schutz wahr, indem wir die Rechtsvorschriften einhalten, die Auswirkungen auf die Umwelt reduzieren, strukturiert und dokumentiert arbeiten, die Mitarbeiter informieren, schulen und motivieren, unsere Umweltpolitik den Lieferanten und Subunternehmern mitteilen und eine offene Kommunikation mit der Au\u00dfenwelt pflegen.<\/p>\n<p>[\/vc_column_text][vc_btn title=&#8221;UMWELTPOLITIK HERUNTERLADEN&#8221; style=&#8221;classic&#8221; shape=&#8221;square&#8221; color=&#8221;white&#8221; align=&#8221;center&#8221; i_icon_fontawesome=&#8221;far fa-file-alt&#8221; add_icon=&#8221;true&#8221; css=&#8221;.vc_custom_1705669157053{padding-bottom: 19% !important;}&#8221; link=&#8221;url:https%3A%2F%2Fwww.jordan-mt.com%2Fwp-content%2Fuploads%2F2024%2F01%2Fpolitica-calidad-medioambiente.pdf|target:_blank&#8221;][\/vc_column][vc_column width=&#8221;1\/6&#8243;][\/vc_column][\/vc_row][vc_row css=&#8221;.vc_custom_1557847564974{padding-bottom: 80px !important;}&#8221; el_class=&#8221;jordanmt-cv-form&#8221;][vc_column][vc_custom_heading text=&#8221;SCHICKEN SIE UNS IHREN LEBENSLAUF&#8221; font_container=&#8221;tag:h3|text_align:center|color:%23000000&#8243; google_fonts=&#8221;font_family:Montserrat%3Aregular%2C700|font_style:700%20bold%20regular%3A700%3Anormal&#8221; el_class=&#8221;jordanmt-cv-title&#8221;]\n<div class=\"wpcf7 no-js\" id=\"wpcf7-f11981-o1\" lang=\"de-DE\" dir=\"ltr\" data-wpcf7-id=\"11981\">\n<div class=\"screen-reader-response\"><p role=\"status\" aria-live=\"polite\" aria-atomic=\"true\"><\/p> <ul><\/ul><\/div>\n<form action=\"\/de\/wp-json\/wp\/v2\/pages\/11960#wpcf7-f11981-o1\" method=\"post\" class=\"wpcf7-form init\" aria-label=\"Kontaktformular\" enctype=\"multipart\/form-data\" novalidate=\"novalidate\" data-status=\"init\">\n<fieldset class=\"hidden-fields-container\"><input type=\"hidden\" name=\"_wpcf7\" value=\"11981\" \/><input type=\"hidden\" name=\"_wpcf7_version\" value=\"6.1.4\" \/><input type=\"hidden\" name=\"_wpcf7_locale\" value=\"de_DE\" \/><input type=\"hidden\" name=\"_wpcf7_unit_tag\" value=\"wpcf7-f11981-o1\" \/><input type=\"hidden\" name=\"_wpcf7_container_post\" value=\"0\" \/><input type=\"hidden\" name=\"_wpcf7_posted_data_hash\" value=\"\" \/>\n<\/fieldset>\n<div class=\"wpcf7-turnstile cf-turnstile\" data-sitekey=\"0x4AAAAAABrnSgEHyGyngnQ-\" data-response-field-name=\"_wpcf7_turnstile_response\"><\/div>\n\n<p><span class=\"wpcf7-form-control-wrap\" data-name=\"your-name\"><input size=\"40\" maxlength=\"400\" class=\"wpcf7-form-control wpcf7-text wpcf7-validates-as-required\" aria-required=\"true\" aria-invalid=\"false\" placeholder=\"Vor- und Nachname\" value=\"\" type=\"text\" name=\"your-name\" \/><\/span>\n<\/p>\n<p><span class=\"wpcf7-form-control-wrap\" data-name=\"your-email\"><input size=\"40\" maxlength=\"400\" class=\"wpcf7-form-control wpcf7-email wpcf7-validates-as-required wpcf7-text wpcf7-validates-as-email\" aria-required=\"true\" aria-invalid=\"false\" placeholder=\"E-Mail-Adresse\" value=\"\" type=\"email\" name=\"your-email\" \/><\/span>\n<\/p>\n<p><span class=\"wpcf7-form-control-wrap\" data-name=\"your-phone\"><input size=\"40\" maxlength=\"400\" class=\"wpcf7-form-control wpcf7-tel wpcf7-text wpcf7-validates-as-tel\" aria-invalid=\"false\" placeholder=\"Tel.\" value=\"\" type=\"tel\" name=\"your-phone\" \/><\/span>\n<\/p>\n<p><span class=\"wpcf7-form-control-wrap\" data-name=\"your-message\"><textarea cols=\"40\" rows=\"10\" maxlength=\"2000\" class=\"wpcf7-form-control wpcf7-textarea\" aria-invalid=\"false\" placeholder=\"Vorstellung\" name=\"your-message\"><\/textarea><\/span>\n<\/p>\n<p><span class=\"wpcf7-form-control-wrap\" data-name=\"file-958\"><input size=\"40\" class=\"wpcf7-form-control wpcf7-file\" accept=\"audio\/*,video\/*,image\/*\" aria-invalid=\"false\" type=\"file\" name=\"file-958\" \/><\/span>\n<\/p>\n<p class=\"rgpd-layer-one\"><br \/>\n<b>Grundlegende Informationen zum Datenschutz<\/b><br \/>\nVerantwortlich: Jordan Martorell, S.L.<br \/>\nZweck: Verwaltung der \u00dcbermittlung angeforderter Informationen.<br \/>\nLegitimation: Einwilligung der betroffenen Person.<br \/>\nEmpf\u00e4nger: Die Daten werden nicht an Dritte weitergegeben, es sei denn, dies ist gesetzlich vorgeschrieben.<br \/>\nRechte: Zugriff, Berichtigung und L\u00f6schung der Daten sowie andere Rechte, wie in der Zusatzerkl\u00e4rung erl\u00e4utert.<br \/>\nZusatzerkl\u00e4rung: Sie k\u00f6nnen die Zusatzerkl\u00e4rung zum Datenschutz einsehen unter: <a href=\"https:\/\/www.jordan-mt.com\/de\/rechtlicher-hinweis\/\" title=\"Rechtlichen Hinweise und Datenschutzhinweise\" alt=\"Rechtlichen Hinweise und Datenschutzhinweise\" target=\"_blank\">https:\/\/www.jordan-mt.com\/de\/rechtlicher-hinweis\/<\/a>\n<\/p>\n<p><span class=\"wpcf7-form-control-wrap\" data-name=\"acceptance-584\"><span class=\"wpcf7-form-control wpcf7-acceptance\"><span class=\"wpcf7-list-item\"><input type=\"checkbox\" name=\"acceptance-584\" value=\"1\" aria-invalid=\"false\" \/><\/span><\/span><\/span> Ich habe die <a href=\"\/de\/rechtlicher-hinweis\/\" target=\"_blank\" title=\"Rechtlichen Hinweise und Datenschutzhinweise\">Rechtlichen Hinweise und Datenschutzhinweise<\/a> gelesen und akzeptiere sie.\n<\/p>\n<p><input class=\"wpcf7-form-control wpcf7-submit has-spinner\" type=\"submit\" value=\"Senden\" \/>\n<\/p><div class=\"wpcf7-response-output\" aria-hidden=\"true\"><\/div>\n<\/form>\n<\/div>\n[\/vc_column][\/vc_row]<\/p>\n<\/div>","protected":false},"excerpt":{"rendered":"<p>[vc_row full_width=&#8221;stretch_row&#8221; parallax=&#8221;content-moving&#8221; parallax_image=&#8221;10540&#8243; padding_top=&#8221;60px&#8221; padding_bottom=&#8221;30px&#8221; el_class=&#8221;jordanmt-div-page-titles&#8221; css=&#8221;.vc_custom_1575309589398{padding-top: 190px !important;padding-bottom: 190px !important;}&#8221;][vc_column el_class=&#8221;jordanmt-columndiv-page-titles&#8221;][\/vc_column][\/vc_row][vc_row full_width=&#8221;stretch_row&#8221; gap=&#8221;35&#8243; el_class=&#8221;jordanmt-about-text&#8221; css=&#8221;.vc_custom_1558621291669{padding-top: 0px !important;padding-bottom: 0px !important;}&#8221;][vc_column css=&#8221;.vc_custom_1558621309633{padding-top: 0px !important;padding-bottom: 0px !important;}&#8221;][vc_raw_html el_class=&#8221;jordanmt-pages-claim&#8221;]JTNDaDIlM0VXZSUyMFN1cHBseSUyMFNvbHV0aW9ucyUzQyUyRmgyJTNF[\/vc_raw_html][\/vc_column][\/vc_row][vc_row full_width=&#8221;stretch_row&#8221; gap=&#8221;35&#8243; seperator_enable=&#8221;seperator_enable_value&#8221; seperator_type=&#8221;xlarge_triangle_seperator&#8221; seperator_position=&#8221;bottom_seperator&#8221; seperator_svg_height=&#8221;90&#8243; seperator_shape_background=&#8221;#3083c9&#8243; padding_top=&#8221;60px&#8221; padding_bottom=&#8221;30px&#8221; css=&#8221;.vc_custom_1558621393504{padding-top: 0px !important;padding-bottom: 30px !important;}&#8221; el_class=&#8221;jordanmt-about-text&#8221;][vc_column width=&#8221;1\/6&#8243;][\/vc_column][vc_column width=&#8221;2\/3&#8243;][vc_custom_heading text=&#8221;NACHHALTIGKEITSPOLITIK&#8221; font_container=&#8221;tag:h3|text_align:center|color:%23000000&#8243; google_fonts=&#8221;font_family:Montserrat%3Aregular%2C700|font_style:700%20bold%20regular%3A700%3Anormal&#8221; el_class=&#8221;jordanmt-subtitles-empresa&#8221;][vc_column_text] Wir glauben an ein langfristiges Projekt, das [&hellip;]<\/p>\n","protected":false},"author":1,"featured_media":0,"parent":0,"menu_order":0,"comment_status":"closed","ping_status":"closed","template":"","meta":{"footnotes":""},"class_list":["post-11960","page","type-page","status-publish","hentry"],"acf":[],"_links":{"self":[{"href":"https:\/\/www.jordan-mt.com\/de\/wp-json\/wp\/v2\/pages\/11960","targetHints":{"allow":["GET"]}}],"collection":[{"href":"https:\/\/www.jordan-mt.com\/de\/wp-json\/wp\/v2\/pages"}],"about":[{"href":"https:\/\/www.jordan-mt.com\/de\/wp-json\/wp\/v2\/types\/page"}],"author":[{"embeddable":true,"href":"https:\/\/www.jordan-mt.com\/de\/wp-json\/wp\/v2\/users\/1"}],"replies":[{"embeddable":true,"href":"https:\/\/www.jordan-mt.com\/de\/wp-json\/wp\/v2\/comments?post=11960"}],"version-history":[{"count":4,"href":"https:\/\/www.jordan-mt.com\/de\/wp-json\/wp\/v2\/pages\/11960\/revisions"}],"predecessor-version":[{"id":12060,"href":"https:\/\/www.jordan-mt.com\/de\/wp-json\/wp\/v2\/pages\/11960\/revisions\/12060"}],"wp:attachment":[{"href":"https:\/\/www.jordan-mt.com\/de\/wp-json\/wp\/v2\/media?parent=11960"}],"curies":[{"name":"wp","href":"https:\/\/api.w.org\/{rel}","templated":true}]}}