{"id":11964,"date":"2016-08-24T17:42:34","date_gmt":"2016-08-24T15:42:34","guid":{"rendered":"https:\/\/www.jordan-mt.com\/?page_id=11964"},"modified":"2024-06-26T20:46:24","modified_gmt":"2024-06-26T18:46:24","slug":"kontakt","status":"publish","type":"page","link":"https:\/\/www.jordan-mt.com\/de\/kontakt\/","title":{"rendered":"Kontakt"},"content":{"rendered":"<div class=\"wpb-content-wrapper\"><p>[vc_row full_width=&#8221;stretch_row&#8221; bg_type=&#8221;image&#8221; css=&#8221;.vc_custom_1582044315389{padding-top: 190px !important;padding-bottom: 190px !important;background-image: url(https:\/\/www.jordan-mt.com\/wp-content\/uploads\/2020\/02\/contacto-1.jpg?id=10716) !important;}&#8221; el_class=&#8221;jordanmt-div-page-titles&#8221;][vc_column el_class=&#8221;jordanmt-columndiv-page-titles&#8221;][\/vc_column][\/vc_row][vc_row full_width=&#8221;stretch_row&#8221; gap=&#8221;35&#8243; el_class=&#8221;jordanmt-about-text&#8221; css=&#8221;.vc_custom_1558621004054{padding-top: 0px !important;padding-bottom: 0px !important;}&#8221;][vc_column css=&#8221;.vc_custom_1558621103187{padding-top: 0px !important;padding-bottom: 0px !important;}&#8221;][vc_raw_html el_class=&#8221;jordanmt-pages-claim&#8221;]JTNDaDIlM0VXZSUyMFN1cHBseSUyMFNvbHV0aW9ucyUzQyUyRmgyJTNF[\/vc_raw_html][\/vc_column][\/vc_row][vc_row equal_height=&#8221;yes&#8221;][vc_column width=&#8221;1\/3&#8243; css=&#8221;.vc_custom_1558621155672{margin-top: 0px !important;margin-bottom: 60px !important;padding-top: 30px !important;padding-right: 40px !important;padding-bottom: 30px !important;padding-left: 40px !important;background: #262727 url(https:\/\/www.jordan-mt.com\/wp-content\/uploads\/2018\/09\/footer-bg.png?id=9633) !important;background-position: center !important;background-repeat: no-repeat !important;background-size: cover !important;}&#8221; el_class=&#8221;jordanmt-contact-info&#8221;]<div id=\"ultimate-heading-534269e3468bca44f\" class=\"uvc-heading ult-adjust-bottom-margin ultimate-heading-534269e3468bca44f uvc-7490 \" data-hspacer=\"line_only\"  data-halign=\"left\" style=\"text-align:left\"><div class=\"uvc-main-heading ult-responsive\"  data-ultimate-target='.uvc-heading.ultimate-heading-534269e3468bca44f h2'  data-responsive-json-new='{\"font-size\":\"desktop:24px;\",\"line-height\":\"\"}' ><h2 style=\"font-weight:normal;color:#ffffff;margin-top:5px;\">K\u00f6nnen wir Ihnen helfen?<\/h2><\/div><div class=\"uvc-heading-spacer line_only\" style=\"margin-top:5px;height:1px;\"><span class=\"uvc-headings-line\" style=\"border-style:solid;border-bottom-width:1px;border-color:#bfbfbf;width:118px;\"><\/span><\/div><div class=\"uvc-sub-heading ult-responsive\"  data-ultimate-target='.uvc-heading.ultimate-heading-534269e3468bca44f .uvc-sub-heading '  data-responsive-json-new='{\"font-size\":\"\",\"line-height\":\"\"}'  style=\"font-weight:normal;color:#ffffff;margin-top:20px;\">Setzen Sie sich mit uns in Verbindung und senden Sie uns Ihre Anfrage \u00fcber das folgende Formular. Sie k\u00f6nnen uns auch telefonisch kontaktieren oder an unsere E-Mail-Adresse schreiben.<\/p>\n<p><strong>Adresse:<\/strong><br \/>\nPol\u00edgono Industrial El Congost<br \/>\nCalle Can Albareda, 1<br \/>\n08760 Martorell (Barcelona)<\/p>\n<p><strong>eMail:<\/strong> info@jordan-mt.com<\/p>\n<p><strong>GPS-Koordinaten:<br \/>\n<\/strong>41\u00ba28&#8217;01.6&#8221; N \u00b7 001\u00ba56&#8217;55.6&#8221; E<\/p>\n<p><strong>Vom Flughafen aus<\/strong>\u2026<br \/>\nFlughafen Richtung Barcelona, Ausfahrt auf der A2 Richtung Lleida-Tarragona und auf der Nationalstra\u00dfe Ausfahrt Castellbisbal Industriegebiet.<\/p>\n<p><strong>Von Barcelona aus<\/strong>\u2026<br \/>\n\u00dcber die Diagonalstra\u00dfe in Richtung Tarragona, Anschluss an die A2 in Richtung Lleida und Ausfahrt Castellbisbal (Industriegebiet).<\/div><\/div>[\/vc_column][vc_column width=&#8221;2\/3&#8243; css=&#8221;.vc_custom_1537199335143{padding-bottom: 50px !important;padding-left: 30px !important;}&#8221; el_class=&#8221;jordanmt-contact-form-column&#8221;]\n<div class=\"wpcf7 no-js\" id=\"wpcf7-f11980-o1\" lang=\"de-DE\" dir=\"ltr\" data-wpcf7-id=\"11980\">\n<div class=\"screen-reader-response\"><p role=\"status\" aria-live=\"polite\" aria-atomic=\"true\"><\/p> <ul><\/ul><\/div>\n<form action=\"\/de\/wp-json\/wp\/v2\/pages\/11964#wpcf7-f11980-o1\" method=\"post\" class=\"wpcf7-form init\" aria-label=\"Kontaktformular\" novalidate=\"novalidate\" data-status=\"init\">\n<fieldset class=\"hidden-fields-container\"><input type=\"hidden\" name=\"_wpcf7\" value=\"11980\" \/><input type=\"hidden\" name=\"_wpcf7_version\" value=\"6.1.4\" \/><input type=\"hidden\" name=\"_wpcf7_locale\" value=\"de_DE\" \/><input type=\"hidden\" name=\"_wpcf7_unit_tag\" value=\"wpcf7-f11980-o1\" \/><input type=\"hidden\" name=\"_wpcf7_container_post\" value=\"0\" \/><input type=\"hidden\" name=\"_wpcf7_posted_data_hash\" value=\"\" \/>\n<\/fieldset>\n<div class=\"wpcf7-turnstile cf-turnstile\" data-sitekey=\"0x4AAAAAABrnSgEHyGyngnQ-\" data-response-field-name=\"_wpcf7_turnstile_response\"><\/div>\n\n<p><span class=\"wpcf7-form-control-wrap\" data-name=\"your-name\"><input size=\"40\" maxlength=\"400\" class=\"wpcf7-form-control wpcf7-text wpcf7-validates-as-required\" aria-required=\"true\" aria-invalid=\"false\" placeholder=\"Vor- und Nachname\" value=\"\" type=\"text\" name=\"your-name\" \/><\/span>\n<\/p>\n<p><span class=\"wpcf7-form-control-wrap\" data-name=\"your-email\"><input size=\"40\" maxlength=\"400\" class=\"wpcf7-form-control wpcf7-email wpcf7-validates-as-required wpcf7-text wpcf7-validates-as-email\" aria-required=\"true\" aria-invalid=\"false\" placeholder=\"E-Mail-Adresse\" value=\"\" type=\"email\" name=\"your-email\" \/><\/span>\n<\/p>\n<p><span class=\"wpcf7-form-control-wrap\" data-name=\"your-phone\"><input size=\"40\" maxlength=\"400\" class=\"wpcf7-form-control wpcf7-tel wpcf7-text wpcf7-validates-as-tel\" aria-invalid=\"false\" placeholder=\"Tel.\" value=\"\" type=\"tel\" name=\"your-phone\" \/><\/span>\n<\/p>\n<p>Abteilung:\n<\/p>\n<p><span class=\"wpcf7-form-control-wrap\" data-name=\"recipient-re\"><select class=\"wpcf7-form-control wpcf7-select wpcf7-validates-as-required\" aria-required=\"true\" aria-invalid=\"false\" name=\"recipient-re\"><option value=\"\">- Abteilung ausw\u00e4hlen -<\/option><option value=\"Logistik\">Logistik<\/option><option value=\"Einkaufen\">Einkaufen<\/option><option value=\"Wartung\">Wartung<\/option><option value=\"Kommerziell\">Kommerziell<\/option><option value=\"Finanzen\">Finanzen<\/option><option value=\"Qualit\u00e4t\">Qualit\u00e4t<\/option><option value=\"Personalwesen\">Personalwesen<\/option><option value=\"Maschinenbau\">Maschinenbau<\/option><option value=\"Prozesse\">Prozesse<\/option><option value=\"Informationssysteme\">Informationssysteme<\/option><\/select><\/span>\n<\/p>\n<p><span class=\"wpcf7-form-control-wrap\" data-name=\"your-message\"><textarea cols=\"40\" rows=\"10\" maxlength=\"2000\" class=\"wpcf7-form-control wpcf7-textarea\" aria-invalid=\"false\" placeholder=\"Anfrage\" name=\"your-message\"><\/textarea><\/span>\n<\/p>\n<p class=\"rgpd-layer-one\"><br \/>\n<b>Grundlegende Informationen zum Datenschutz<\/b><br \/>\nVerantwortlich: Jordan Martorell, S.L.<br \/>\nZweck: Verwaltung der \u00dcbermittlung angeforderter Informationen.<br \/>\nLegitimation: Einwilligung der betroffenen Person.<br \/>\nEmpf\u00e4nger: Die Daten werden nicht an Dritte weitergegeben, es sei denn, dies ist gesetzlich vorgeschrieben.<br \/>\nRechte: Zugriff, Berichtigung und L\u00f6schung der Daten sowie andere Rechte, wie in der Zusatzerkl\u00e4rung erl\u00e4utert.<br \/>\nZusatzerkl\u00e4rung: Sie k\u00f6nnen die Zusatzerkl\u00e4rung zum Datenschutz einsehen unter: <a href=\"https:\/\/www.jordan-mt.com\/de\/rechtlicher-hinweis\/\" title=\"Rechtlichen Hinweise und Datenschutzhinweise\" alt=\"Rechtlichen Hinweise und Datenschutzhinweise\" target=\"_blank\">https:\/\/www.jordan-mt.com\/de\/rechtlicher-hinweis\/<\/a>\n<\/p>\n<p><span class=\"wpcf7-form-control-wrap\" data-name=\"acceptance-584\"><span class=\"wpcf7-form-control wpcf7-acceptance\"><span class=\"wpcf7-list-item\"><input type=\"checkbox\" name=\"acceptance-584\" value=\"1\" aria-invalid=\"false\" \/><\/span><\/span><\/span> Ich habe die <a href=\"\/de\/rechtlicher-hinweis\/\" target=\"_blank\" title=\"Rechtlichen Hinweise und Datenschutzhinweise\">Rechtlichen Hinweise und Datenschutzhinweise<\/a> gelesen und akzeptiere sie.\n<\/p>\n<p><input class=\"wpcf7-form-control wpcf7-submit has-spinner\" type=\"submit\" value=\"Senden\" \/>\n<\/p><div class=\"wpcf7-response-output\" aria-hidden=\"true\"><\/div>\n<\/form>\n<\/div>\n[\/vc_column][\/vc_row][vc_row][vc_column]<div id='wrap_map_69e3468bcb7e4' class='ultimate-map-wrapper ult-adjust-bottom-margin ' style='margin:0px;padding:0px; height:450px;'><div id='map_69e3468bcb7e4' data-map_override='full' class='ultimate_google_map wpb_content_element page_margin_top' style='width:100%;height:450px;'><\/div><\/div><script type='text\/javascript'>\r\n\t\t\t(function($) {\r\n  \t\t\t'use strict';\r\n\t\t\tvar map_map_69e3468bcb7e4 = null;\r\n\t\t\tvar coordinate_map_69e3468bcb7e4;\r\n\t\t\tvar isDraggable = $(document).width() > 641 ? true : true;\r\n\t\t\ttry\r\n\t\t\t{\r\n\t\t\t\tvar map_map_69e3468bcb7e4 = null;\r\n\t\t\t\tvar coordinate_map_69e3468bcb7e4;\r\n\t\t\t\tcoordinate_map_69e3468bcb7e4=new google.maps.LatLng(41.467214, 1.948048);\r\n\t\t\t\tvar mapOptions=\r\n\t\t\t\t{\r\n\t\t\t\t\tzoom: 13,\r\n\t\t\t\t\tcenter: coordinate_map_69e3468bcb7e4,\r\n\t\t\t\t\tscaleControl: true,\r\n\t\t\t\t\tstreetViewControl: true,\r\n\t\t\t\t\tmapTypeControl: true,\r\n\t\t\t\t\tpanControl: true,\r\n\t\t\t\t\tzoomControl: true,\r\n\t\t\t\t\tscrollwheel: false,\r\n\t\t\t\t\tdraggable: isDraggable,\r\n\t\t\t\t\tzoomControlOptions: {\r\n\t\t\t\t\t\tposition: google.maps.ControlPosition.RIGHT_BOTTOM\r\n\t\t\t\t\t}, mapTypeControlOptions: {\r\n\t\t\t\t\t  \t\tmapTypeIds: [google.maps.MapTypeId.ROADMAP, 'map_style']\r\n\t\t\t\t\t\t}};var styles = [\n    {\n        \"featureType\": \"all\",\n        \"elementType\": \"all\",\n        \"stylers\": [\n            {\n                \"hue\": \"#008eff\"\n            }\n        ]\n    },\n    {\n        \"featureType\": \"poi\",\n        \"elementType\": \"all\",\n        \"stylers\": [\n            {\n                \"visibility\": \"off\"\n            }\n        ]\n    },\n    {\n        \"featureType\": \"road\",\n        \"elementType\": \"all\",\n        \"stylers\": [\n            {\n                \"saturation\": \"0\"\n            },\n            {\n                \"lightness\": \"0\"\n            }\n        ]\n    },\n    {\n        \"featureType\": \"transit\",\n        \"elementType\": \"all\",\n        \"stylers\": [\n            {\n                \"visibility\": \"off\"\n            }\n        ]\n    },\n    {\n        \"featureType\": \"water\",\n        \"elementType\": \"all\",\n        \"stylers\": [\n            {\n                \"visibility\": \"simplified\"\n            },\n            {\n                \"saturation\": \"-60\"\n            },\n            {\n                \"lightness\": \"-20\"\n            }\n        ]\n    }\n]; var styledMap = new google.maps.StyledMapType(styles,{name: \"Styled Map\"});var map_map_69e3468bcb7e4 = new google.maps.Map(document.getElementById('map_69e3468bcb7e4'),mapOptions);map_map_69e3468bcb7e4.mapTypes.set('map_style', styledMap);\r\n \t\t\t\t\t\t\t map_map_69e3468bcb7e4.setMapTypeId('map_style');\r\n\t\t\t\t\t\tvar x = 'infowindow_open_value';\r\n\t\t\t\t\t\tvar marker_map_69e3468bcb7e4 = new google.maps.Marker({\r\n\t\t\t\t\t\tposition: new google.maps.LatLng(41.467214, 1.948048),\r\n\t\t\t\t\t\tanimation:  google.maps.Animation.DROP,\r\n\t\t\t\t\t\tmap: map_map_69e3468bcb7e4,\r\n\t\t\t\t\t\ticon: 'https:\/\/www.jordan-mt.com\/wp-content\/uploads\/2018\/09\/pin_blue.png'\r\n\t\t\t\t\t});\tgoogle.maps.event.addListener(marker_map_69e3468bcb7e4, 'click', toggleBounce);var infowindow = new google.maps.InfoWindow();\r\n\t\t\t\t\t\t\tinfowindow.setContent('<div class=\"map_info_text\" style=\\'color:#000;\\'><\/p> <p style=\"text-align: center;\">Jordan Martorell, S.L.<\/p> <p><\/div>');google.maps.event.addListener(marker_map_69e3468bcb7e4, 'click', function() {\r\n\t\t\t\t\t\t\t\tinfowindow.open(map_map_69e3468bcb7e4,marker_map_69e3468bcb7e4);\r\n\t\t\t\t\t\t  \t});}\r\n\t\t\tcatch(e){};\r\n\t\t\tjQuery(document).ready(function($){\r\n\t\t\t\tgoogle.maps.event.trigger(map_map_69e3468bcb7e4, 'resize');\r\n\t\t\t\t$(window).resize(function(){\r\n\t\t\t\t\tgoogle.maps.event.trigger(map_map_69e3468bcb7e4, 'resize');\r\n\t\t\t\t\tif(map_map_69e3468bcb7e4!=null)\r\n\t\t\t\t\t\tmap_map_69e3468bcb7e4.setCenter(coordinate_map_69e3468bcb7e4);\r\n\t\t\t\t});\r\n\t\t\t\t$('.ui-tabs').bind('tabsactivate', function(event, ui) {\r\n\t\t\t\t   if($(this).find('.ultimate-map-wrapper').length > 0)\r\n\t\t\t\t\t{\r\n\t\t\t\t\t\tsetTimeout(function(){\r\n\t\t\t\t\t\t\t$(window).trigger('resize');\r\n\t\t\t\t\t\t},200);\r\n\t\t\t\t\t}\r\n\t\t\t\t});\r\n\t\t\t\t$('.ui-accordion').bind('accordionactivate', function(event, ui) {\r\n\t\t\t\t   if($(this).find('.ultimate-map-wrapper').length > 0)\r\n\t\t\t\t\t{\r\n\t\t\t\t\t\tsetTimeout(function(){\r\n\t\t\t\t\t\t\t$(window).trigger('resize');\r\n\t\t\t\t\t\t},200);\r\n\t\t\t\t\t}\r\n\t\t\t\t});\r\n\t\t\t\t$(window).on('load',function(){\r\n\t\t\t\t\tsetTimeout(function(){\r\n\t\t\t\t\t\t$(window).trigger('resize');\r\n\t\t\t\t\t},200);\r\n\t\t\t\t});\r\n\t\t\t\t$('.ult_exp_section').select(function(){\r\n\t\t\t\t\tif($(map_map_69e3468bcb7e4).parents('.ult_exp_section'))\r\n\t\t\t\t\t{\r\n\t\t\t\t\t\tsetTimeout(function(){\r\n\t\t\t\t\t\t\t$(window).trigger('resize');\r\n\t\t\t\t\t\t},200);\r\n\t\t\t\t\t}\r\n\t\t\t\t});\r\n\t\t\t\t$(document).on('onUVCModalPopupOpen', function(){\r\n\t\t\t\t\tif($(map_map_69e3468bcb7e4).parents('.ult_modal-content'))\r\n\t\t\t\t\t{\r\n\t\t\t\t\t\tsetTimeout(function(){\r\n\t\t\t\t\t\t\t$(window).trigger('resize');\r\n\t\t\t\t\t\t},200);\r\n\t\t\t\t\t}\r\n\t\t\t\t});\r\n\t\t\t\t$(document).on('click','.ult_tab_li',function(){\r\n\t\t\t\t\t$(window).trigger('resize');\r\n\t\t\t\t\tsetTimeout(function(){\r\n\t\t\t\t\t\t$(window).trigger('resize');\r\n\t\t\t\t\t},200);\r\n\t\t\t\t});\r\n\t\t\t});\r\n\t\t\tfunction toggleBounce() {\r\n\t\t\t  if (marker_map_69e3468bcb7e4.getAnimation() != null) {\r\n\t\t\t\tmarker_map_69e3468bcb7e4.setAnimation(null);\r\n\t\t\t  } else {\r\n\t\t\t\tmarker_map_69e3468bcb7e4.setAnimation(google.maps.Animation.BOUNCE);\r\n\t\t\t  }\r\n\t\t\t}\r\n\t\t\t})(jQuery);\r\n\t\t\t<\/script>[\/vc_column][\/vc_row]<\/p>\n<\/div>","protected":false},"excerpt":{"rendered":"<p>[vc_row full_width=&#8221;stretch_row&#8221; bg_type=&#8221;image&#8221; css=&#8221;.vc_custom_1582044315389{padding-top: 190px !important;padding-bottom: 190px !important;background-image: url(https:\/\/www.jordan-mt.com\/wp-content\/uploads\/2020\/02\/contacto-1.jpg?id=10716) !important;}&#8221; el_class=&#8221;jordanmt-div-page-titles&#8221;][vc_column el_class=&#8221;jordanmt-columndiv-page-titles&#8221;][\/vc_column][\/vc_row][vc_row full_width=&#8221;stretch_row&#8221; gap=&#8221;35&#8243; el_class=&#8221;jordanmt-about-text&#8221; css=&#8221;.vc_custom_1558621004054{padding-top: 0px !important;padding-bottom: 0px !important;}&#8221;][vc_column css=&#8221;.vc_custom_1558621103187{padding-top: 0px !important;padding-bottom: 0px !important;}&#8221;][vc_raw_html el_class=&#8221;jordanmt-pages-claim&#8221;]JTNDaDIlM0VXZSUyMFN1cHBseSUyMFNvbHV0aW9ucyUzQyUyRmgyJTNF[\/vc_raw_html][\/vc_column][\/vc_row][vc_row equal_height=&#8221;yes&#8221;][vc_column width=&#8221;1\/3&#8243; css=&#8221;.vc_custom_1558621155672{margin-top: 0px !important;margin-bottom: 60px !important;padding-top: 30px !important;padding-right: 40px !important;padding-bottom: 30px !important;padding-left: 40px !important;background: #262727 url(https:\/\/www.jordan-mt.com\/wp-content\/uploads\/2018\/09\/footer-bg.png?id=9633) !important;background-position: center !important;background-repeat: no-repeat !important;background-size: cover !important;}&#8221; el_class=&#8221;jordanmt-contact-info&#8221;][\/vc_column][vc_column width=&#8221;2\/3&#8243; css=&#8221;.vc_custom_1537199335143{padding-bottom: 50px !important;padding-left: [&hellip;]<\/p>\n","protected":false},"author":1,"featured_media":0,"parent":0,"menu_order":0,"comment_status":"closed","ping_status":"closed","template":"","meta":{"footnotes":""},"class_list":["post-11964","page","type-page","status-publish","hentry"],"acf":[],"_links":{"self":[{"href":"https:\/\/www.jordan-mt.com\/de\/wp-json\/wp\/v2\/pages\/11964","targetHints":{"allow":["GET"]}}],"collection":[{"href":"https:\/\/www.jordan-mt.com\/de\/wp-json\/wp\/v2\/pages"}],"about":[{"href":"https:\/\/www.jordan-mt.com\/de\/wp-json\/wp\/v2\/types\/page"}],"author":[{"embeddable":true,"href":"https:\/\/www.jordan-mt.com\/de\/wp-json\/wp\/v2\/users\/1"}],"replies":[{"embeddable":true,"href":"https:\/\/www.jordan-mt.com\/de\/wp-json\/wp\/v2\/comments?post=11964"}],"version-history":[{"count":3,"href":"https:\/\/www.jordan-mt.com\/de\/wp-json\/wp\/v2\/pages\/11964\/revisions"}],"predecessor-version":[{"id":12293,"href":"https:\/\/www.jordan-mt.com\/de\/wp-json\/wp\/v2\/pages\/11964\/revisions\/12293"}],"wp:attachment":[{"href":"https:\/\/www.jordan-mt.com\/de\/wp-json\/wp\/v2\/media?parent=11964"}],"curies":[{"name":"wp","href":"https:\/\/api.w.org\/{rel}","templated":true}]}}