{"id":11967,"date":"2018-07-03T16:42:07","date_gmt":"2018-07-03T14:42:07","guid":{"rendered":"https:\/\/www.jordan-mt.com\/?page_id=11967"},"modified":"2022-11-30T21:28:22","modified_gmt":"2022-11-30T19:28:22","slug":"rechtlicher-hinweis","status":"publish","type":"page","link":"https:\/\/www.jordan-mt.com\/de\/rechtlicher-hinweis\/","title":{"rendered":"Rechtlicher Hinweis und Datenschutz"},"content":{"rendered":"<div class=\"wpb-content-wrapper\"><p>[vc_row full_width=&#8221;stretch_row&#8221; bg_type=&#8221;image&#8221; parallax_style=&#8221;vcpb-vz-jquery&#8221; bg_image_new=&#8221;id^9493|url^https:\/\/www.jordan-mt.com\/wp-content\/uploads\/revslider\/hood_main\/home_sl_2.jpg|caption^null|alt^null|title^home_sl_2.jpg|description^null&#8221; bg_image_repeat=&#8221;no-repeat&#8221; fadeout_row=&#8221;fadeout_row_value&#8221; el_class=&#8221;page-title-bar-jmt&#8221;][vc_column]<div id=\"ultimate-heading-197069dfe81983ab6\" class=\"uvc-heading ult-adjust-bottom-margin ultimate-heading-197069dfe81983ab6 uvc-8923 heading-jmt\" data-hspacer=\"no_spacer\"  data-halign=\"center\" style=\"text-align:center\"><div class=\"uvc-heading-spacer no_spacer\" style=\"top\"><\/div><div class=\"uvc-main-heading ult-responsive\"  data-ultimate-target='.uvc-heading.ultimate-heading-197069dfe81983ab6 h2'  data-responsive-json-new='{\"font-size\":\"\",\"line-height\":\"\"}' ><h2 style=\"font-weight:normal;\">Rechtlicher Hinweis und Datenschutz<\/h2><\/div><\/div>[\/vc_column][\/vc_row][vc_row el_class=&#8221;legal-notice-text&#8221;][vc_column][vc_column_text]<\/p>\n<h2>UNTERNEHMENSDATEN<\/h2>\n<p>Jordan Martorell, S.L. ist eine spanische Gesellschaft mit Sitz in Can Albareda 1, Pol\u00edgono Industrial El Congost, \u2013 08760 Martorell (Barcelona), mit der Umsatzsteuernummer B-61747119.<\/p>\n<p>Wie Sie uns kontaktieren k\u00f6nnen:<\/p>\n<ul>\n<li>Entweder auf dem Postweg.<\/li>\n<li>Oder per E-mail an die Adresse info@jordan-mt.com<\/li>\n<li>Telefonisch: +34 93 773 67 67 \u00b7 Fax. +34 93 775 24 41<\/li>\n<\/ul>\n<h2>GEISTIGES EIGENTUM<\/h2>\n<ul>\n<li>Die Website www.jordan-mt.com ist das geistige Eigentum von Jordan Martorell, S.L.<\/li>\n<li>Gesch\u00fctzte Texte, Bilder, Sounds, Animationen, Videos und andere Inhalte dieser Website liegen im alleinigen Eigentum der Jordan Martorell, S.L. oder gegebenenfalls Dritter, die Jordan Martorell, S.L. die Anwendung erlaubt haben oder an diese weiterlizensiert haben.<\/li>\n<li>Alle Logos, Marken und Muster auf dieser Website unterliegen den gewerblichen Schutzrechten und geistigem Eigentum von Jordan Martorell, S.L., wobei jede Form der Nutzung verboten ist, d.h. die Vervielf\u00e4ltigung, Verbreitung, \u00f6ffentliche Kommunikation und Verarbeitung ohne ausdr\u00fcckliche Genehmigung von Jordan Martorell, S.L.<\/li>\n<li>Durch diese Nutzungsbedingungen ergibt sich kein Recht auf geistiges oder gewerbliches Eigentum, weder in Zusammenhang mit der Website, noch seiner Hauptbestandteile, wobei die Verbreitung, \u00dcbertragung, Verteilung, Nutzung, Vervielf\u00e4ltigung, Verarbeitung, \u00f6ffentliche Kommunikation, Bereitstellung, Extraktion, Wiederverwendung, R\u00fccksendung oder Verwendung jeglicher Art, in einem Tr\u00e4ger oder Medium der Inhalte dieser Website ohne vorherige ausdr\u00fcckliche Zustimmung und Jordan Martorell, S.L., egal ob g\u00e4nzlich oder teilweise, verboten ist, es sei denn es wurde etwas anderes angegeben oder ihre Verwendung erfolgt zur privaten Nutzung und verletzt nicht die Rechte der Jordan Martorell, S.L. gem\u00e4\u00df der geltenden Rechtsvorschriften.<\/li>\n<\/ul>\n<p>In keinem Fall bedeutet dies, dass der Zugriff des Benutzers und dessen Navigation einen Verzicht, \u00dcbermittlung, Lizenz oder Abtretung, egal ob g\u00e4nzlich oder teilweise, dieser Rechte durch die Jordan Martorell, S.L. oder gegebenenfalls ihrer Partner, darstellt.<\/p>\n<h2>JORDAN MARTORELL, S.L.\u2019S BEFREIUNG VON DER HAFTUNG<\/h2>\n<p>Folgendes gilt in Bezug auf die Richtigkeit der Angaben. Die Angaben auf der Website haben ausschlie\u00dflich informativen Charakter und keinen offiziellen Aussagewert, aus\u00dfer wenn dies entsprechend angegeben ist.<\/p>\n<p>Die vorhandenen Informationen und Inhalte k\u00f6nnen ohne vorherige Ank\u00fcndigung ver\u00e4ndert oder entfernt werden. Ebenso k\u00f6nnen Verbesserungen oder \u00c4nderungen an den Produkten, Dienstleistungen, dem Design oder den verwendeten Programmen f\u00fcr ihr korrektes Funktionieren jederzeit und ohne Vorank\u00fcndigung, durchgef\u00fchrt werden.<\/p>\n<h2>ENGLISCHE UND DEUTSCHE \u00dcBERSETZUNGEN<\/h2>\n<p>Alle Informationen und Unterlagen, die in der englischen und deutschen Version dieser Webseite zur Verf\u00fcgung gestellt werden, erfolgen nur zu Informationszwecken. Im Falle einer Diskrepanz zwischen dem Inhalt der englischen und\/oder deutschen Fassung und der Originalfassung auf Spanisch, \u00fcberwiegt letztere.<\/p>\n<h2>DATENSCHUTZBESTIMMUNGEN IN BEZUG AUF DURCH DIE WEBSITE ERHALTENE PERS\u00d6NLICHE DATEN<\/h2>\n<h3>INFORMATIONEN F\u00dcR BENUTZER<\/h3>\n<p><strong>Jordan Martorell, S.L.<\/strong>, im Folgenden DER DATENVERANTWORTLICHE genannt, ist f\u00fcr die Verarbeitung der personenbezogenen Daten des Benutzers verantwortlich und informiert Sie dar\u00fcber, dass diese Daten gem\u00e4\u00df den Bestimmungen der (EU)-Verordnung 2016\/679 vom 27. April 2016 (DSGVO) zum Schutz nat\u00fcrlicher Personen bei der Verarbeitung personenbezogener Daten und zum freien Datenverkehr verarbeitet werden und stellt Ihnen daher die folgenden Verarbeitungsinformationen zur Verf\u00fcgung:<\/p>\n<p><strong>Zweck der Erhebung:\u00a0<\/strong>die Aufrechterhaltung der Gesch\u00e4ftsbeziehung mit dem Benutzer. Die f\u00fcr die Verarbeitung vorgesehenen Vorg\u00e4nge sind:<\/p>\n<ul>\n<li>Versand kommerzieller Werbebotschaften per E-Mail. Diese Mitteilungen werden von dem DATENVERANTWORTLICHEN get\u00e4tigt und beziehen sich auf dessen Produkte und Dienstleistungen oder die seiner Partner oder Lieferanten, mit denen er eine Werbevereinbarung getroffen hat. In diesem Fall erhalten Dritte niemals Zugang zu personenbezogenen Daten.<\/li>\n<li>Durchf\u00fchrung statistischer Studien.<\/li>\n<li>Um Bestellungen, Antr\u00e4ge oder jede Art von Anfragen zu bearbeiten, die der Benutzer \u00fcber eines der zur Verf\u00fcgung gestellten Kontaktformulare stellt.<\/li>\n<\/ul>\n<p><strong>Kriterien f\u00fcr die Datenspeicherung:<\/strong>\u00a0Diese werden so lange aufbewahrt, wie ein gegenseitiges Interesse an der Aufrechterhaltung des Zweckes der Verarbeitung besteht, und wenn sie zu diesem Zweck nicht mehr n\u00f6tig sind, werden sie unter Anwendung geeigneter Sicherheitsma\u00dfnahmen gel\u00f6scht, um die Pseudonymisierung oder die vollst\u00e4ndige Vernichtung der Daten zu gew\u00e4hrleisten.<\/p>\n<p><strong>Weitergabe von<\/strong>\u00a0<strong>Daten<\/strong>: Die Daten werden nicht an Dritte weitergegeben, es sei denn, dies ist gesetzlich vorgeschrieben.<\/p>\n<p><strong>Rechte des Benutzers:<\/strong><\/p>\n<ul>\n<li>Recht auf jederzeitigen Widerruf der Einwilligung.<\/li>\n<li>Recht auf Zugang, Berichtigung, Portabilit\u00e4t und L\u00f6schung Ihrer Daten und die Einschr\u00e4nkung oder Ablehnung ihrer Verarbeitung.<\/li>\n<li>Das Recht, eine Beschwerde bei der spanischen Aufsichtsbeh\u00f6rde (agpd.es) einzureichen, wenn Sie der Ansicht sind, dass die Verarbeitung nicht den geltenden Gesetzen entspricht.<\/li>\n<\/ul>\n<p><strong>Kontaktinformationen zur Aus\u00fcbung Ihrer Rechte:<\/strong><\/p>\n<p>Postanschrift: Can Albareda 1, Pol\u00edgono Industrial El Congost, \u2013 08760 Martorell (Barcelona). E-Mail-Adresse: info@jordan-mt.com<\/p>\n<h3>OBLIGATORISCHER ODER FAKULTATIVER CHARAKTER DER VOM BENUTZER BEREITGESTELLTEN INFORMATIONEN<\/h3>\n<p>Die Benutzer akzeptieren durch die Markierung der entsprechenden Felder und die Eingabe von Daten in die Felder, die im Kontaktformular oder in Download-Formularen mit einem Sternchen (*) gekennzeichnet dargestellt sind, ausdr\u00fccklich und unmissverst\u00e4ndlich, dass ihre Daten erforderlich sind, damit der Anbieter ihrer Anfrage nachkommen kann, wobei die Angabe von Daten in die \u00fcbrigen Felder freiwillig ist. Der Benutzer garantiert, dass die personenbezogenen Daten, die er dem DATENVERANTWORTLICHEN zur Verf\u00fcgung stellt, wahr sind und ist daf\u00fcr verantwortlich, \u00c4nderungen an ihnen mitzuteilen.<\/p>\n<p>DER DATENVERANTWORTLICHE informiert und garantiert den Benutzern ausdr\u00fccklich, dass ihre personenbezogenen Daten unter keinen Umst\u00e4nden an Dritte weitergegeben werden und dass bei jeder Art der \u00dcbermittlung von personenbezogenen Daten die ausdr\u00fcckliche und unmissverst\u00e4ndliche Zustimmung der Benutzer im Voraus eingeholt wird. Alle \u00fcber die Website angeforderten Daten sind obligatorisch, da sie f\u00fcr die Bereitstellung eines optimalen Services dem Benutzer gegen\u00fcber erforderlich sind. F\u00fcr den Fall, dass nicht alle Daten zur Verf\u00fcgung gestellt werden, kann nicht garantiert werden, dass die bereitgestellten Informationen und Services vollst\u00e4ndig auf Ihre Bed\u00fcrfnisse abgestimmt sind.<\/p>\n<h3>SICHERHEITSVORKEHRUNGEN<\/h3>\n<p>Gem\u00e4\u00df den Bestimmungen der geltenden Vorschriften \u00fcber den Schutz personenbezogener Daten h\u00e4lt sich der DATENVERANTWORTLICHE an alle Bestimmungen der DSGVO in Bezug auf die Verarbeitung der personenbezogenen Daten, f\u00fcr die er verantwortlich ist, und eindeutig an die in Artikel 5 der DSGVO beschriebenen Grunds\u00e4tze, nach denen sie in rechtm\u00e4\u00dfiger, fairer und transparenter Weise in Bezug auf die betroffene Person verarbeitet werden und die angemessen, relevant und auf das f\u00fcr die Zwecke, f\u00fcr die sie verarbeitet werden, erforderliche Ma\u00df beschr\u00e4nkt sind.<\/p>\n<p>Der DATENVERANTWORTLICHE garantiert, dass er geeignete technische und organisatorische Ma\u00dfnahmen zur Umsetzung der von der DSGVO festgelegten Sicherheitsma\u00dfnahmen zum Schutz der Rechte und Freiheiten von Benutzern getroffen und ihnen die entsprechenden Informationen \u00fcbermittelt hat, damit sie diese aus\u00fcben k\u00f6nnen.<\/p>\n<h2><strong>ANWENDBARES RECHT UND GERICHTLICHTE ZUST\u00c4NDIGKEIT<\/strong><\/h2>\n<p>Alle Beschwerden \u00fcber die Auslegung oder Anwendung der vorliegenden Nutzungsbedingungen unterliegen den spanischen Rechtsvorschriften und der Zust\u00e4ndigkeit der Gerichte in Barcelona.<\/p>\n<p>Jordan Martorell, S.L. 2018. Die g\u00e4nzliche oder teilweise Weiterverabeitung ist verboten. Alle Rechte vorbehalten.[\/vc_column_text][\/vc_column][\/vc_row]<\/p>\n<\/div>","protected":false},"excerpt":{"rendered":"<p>[vc_row full_width=&#8221;stretch_row&#8221; bg_type=&#8221;image&#8221; parallax_style=&#8221;vcpb-vz-jquery&#8221; bg_image_new=&#8221;id^9493|url^https:\/\/www.jordan-mt.com\/wp-content\/uploads\/revslider\/hood_main\/home_sl_2.jpg|caption^null|alt^null|title^home_sl_2.jpg|description^null&#8221; bg_image_repeat=&#8221;no-repeat&#8221; fadeout_row=&#8221;fadeout_row_value&#8221; el_class=&#8221;page-title-bar-jmt&#8221;][vc_column][\/vc_column][\/vc_row][vc_row el_class=&#8221;legal-notice-text&#8221;][vc_column][vc_column_text] UNTERNEHMENSDATEN Jordan Martorell, S.L. ist eine spanische Gesellschaft mit Sitz in Can Albareda 1, Pol\u00edgono Industrial El Congost, \u2013 08760 Martorell (Barcelona), mit der Umsatzsteuernummer B-61747119. Wie Sie uns kontaktieren k\u00f6nnen: Entweder auf dem Postweg. Oder per E-mail an die Adresse info@jordan-mt.com Telefonisch: +34 93 773 [&hellip;]<\/p>\n","protected":false},"author":1,"featured_media":0,"parent":0,"menu_order":0,"comment_status":"closed","ping_status":"closed","template":"","meta":{"footnotes":""},"class_list":["post-11967","page","type-page","status-publish","hentry"],"acf":[],"_links":{"self":[{"href":"https:\/\/www.jordan-mt.com\/de\/wp-json\/wp\/v2\/pages\/11967","targetHints":{"allow":["GET"]}}],"collection":[{"href":"https:\/\/www.jordan-mt.com\/de\/wp-json\/wp\/v2\/pages"}],"about":[{"href":"https:\/\/www.jordan-mt.com\/de\/wp-json\/wp\/v2\/types\/page"}],"author":[{"embeddable":true,"href":"https:\/\/www.jordan-mt.com\/de\/wp-json\/wp\/v2\/users\/1"}],"replies":[{"embeddable":true,"href":"https:\/\/www.jordan-mt.com\/de\/wp-json\/wp\/v2\/comments?post=11967"}],"version-history":[{"count":3,"href":"https:\/\/www.jordan-mt.com\/de\/wp-json\/wp\/v2\/pages\/11967\/revisions"}],"predecessor-version":[{"id":11970,"href":"https:\/\/www.jordan-mt.com\/de\/wp-json\/wp\/v2\/pages\/11967\/revisions\/11970"}],"wp:attachment":[{"href":"https:\/\/www.jordan-mt.com\/de\/wp-json\/wp\/v2\/media?parent=11967"}],"curies":[{"name":"wp","href":"https:\/\/api.w.org\/{rel}","templated":true}]}}