{"id":11971,"date":"2018-07-03T17:58:20","date_gmt":"2018-07-03T15:58:20","guid":{"rendered":"https:\/\/www.jordan-mt.com\/?page_id=11971"},"modified":"2024-02-17T20:05:55","modified_gmt":"2024-02-17T18:05:55","slug":"informationes-ueber-cookies","status":"publish","type":"page","link":"https:\/\/www.jordan-mt.com\/de\/informationes-ueber-cookies\/","title":{"rendered":"Informationen \u00fcber Cookies"},"content":{"rendered":"<div class=\"wpb-content-wrapper\"><p>[vc_row full_width=&#8221;stretch_row&#8221; bg_type=&#8221;image&#8221; parallax_style=&#8221;vcpb-vz-jquery&#8221; bg_image_new=&#8221;id^9493|url^https:\/\/www.jordan-mt.com\/wp-content\/uploads\/revslider\/hood_main\/home_sl_2.jpg|caption^null|alt^null|title^home_sl_2.jpg|description^null&#8221; bg_image_repeat=&#8221;no-repeat&#8221; fadeout_row=&#8221;fadeout_row_value&#8221; el_class=&#8221;page-title-bar-jmt&#8221;][vc_column]<div id=\"ultimate-heading-764469f425f1e02cd\" class=\"uvc-heading ult-adjust-bottom-margin ultimate-heading-764469f425f1e02cd uvc-4166 heading-jmt\" data-hspacer=\"no_spacer\"  data-halign=\"center\" style=\"text-align:center\"><div class=\"uvc-heading-spacer no_spacer\" style=\"top\"><\/div><div class=\"uvc-main-heading ult-responsive\"  data-ultimate-target='.uvc-heading.ultimate-heading-764469f425f1e02cd h2'  data-responsive-json-new='{\"font-size\":\"\",\"line-height\":\"\"}' ><h2 style=\"font-weight:normal;\">Informationen \u00fcber Cookies<\/h2><\/div><\/div>[\/vc_column][\/vc_row][vc_row el_class=&#8221;legal-notice-text&#8221;][vc_column][vc_column_text]Die j\u00fcngste \u00c4nderung von Rechtsvorschriften \u00fcber Werbung und Verwaltung der Zustimmung f\u00fcr die Verwendung von Cookies, Pixeln oder sonstigen Bestandteilen der Speicherung von Informationen birgt die Verpflichtung von Webseiten der Anpassung an die neuen Vorschriften \u00fcber Cookies des Gesetzes 34\/2002, der Dienste der Informationsgesellschaft und des elektronischen Gesch\u00e4ftsverkehrs.<\/p>\n<h2>Was sind Cookies?<\/h2>\n<p>Ein Cookie ist eine Datei, die auf Ihren Computer heruntergeladen wird, wenn der Zugriff auf bestimmte Webseiten erfolgt. Cookies erm\u00f6glichen es einer Webseite unter anderem, Informationen \u00fcber die Gewohnheiten des Navigierens eines Benutzers und seines Teams zu speichern und wiederherzustellen, und je nach Angaben und in welcher Form das Endger\u00e4t verwendet wird, k\u00f6nnen sie verwendet werden, um den Benutzer zu identifizieren.<\/p>\n<h2>Welche Cookies verwendet diese Webseite?<\/h2>\n<ul>\n<li><strong>Eigene Cookies:<\/strong>\u00a0Diese Cookies werden an das Endger\u00e4t des Benutzers von einem Ger\u00e4t aus oder einer vom Publisher selbst verwalteten Domain geschickt und von dem aus der durch den Benutzer angeforderte Dienst ausgef\u00fchrt wird.<\/li>\n<li><strong>Cookies von Dritten:<\/strong>\u00a0Diese werden an das Endger\u00e4t des Benutzers von einem Ger\u00e4t oder einer Domain geschickt, das nicht von dem Publisher verwaltet wird, sondern von einer anderen Stelle, die die erhaltenen Daten \u00fcber die Cookies verarbeitet.<\/li>\n<li><strong>Session-Cookies:<\/strong>\u00a0Dies sind Cookies, die zur Erhebung und Speicherung von Daten, w\u00e4hrend der Anwender auf eine Webseite zugreift, entwickelt wurden.<\/li>\n<li><strong>Persistente Cookies:<\/strong>\u00a0Dies sind Cookies, bei denen die Daten im Terminal gelagert bleiben und \u00fcber einen festgelegten Zeitraum von dem Cookie-Verantwortlichen verarbeitet werden. Dieser kann wenige Minuten oder auch mehrere Jahre betragen.<\/li>\n<li><strong>Analyse-Cookies:<\/strong>\u00a0Sind solche, die von uns oder Dritten verarbeitet werden, und es uns erm\u00f6glichen, die Anzahl der Benutzer zu z\u00e4hlen und Messungen und statistische Analysen \u00fcber den Gebrauch von Seiten der Benutzer des jeweiligen Dienstes durchzuf\u00fchren. Daf\u00fcr wird das Navigationsverhalten auf unserer Website analysiert, um eine Verbesserung der angebotenen Waren oder Dienstleistungen zu erzielen.<\/li>\n<li><strong>Werbe-Cookies:<\/strong>\u00a0Diese erm\u00f6glichen die Verwaltung, und zwar so effizient wie m\u00f6glich, der Werbeanzeigen, die der Publisher gegebenenfalls in eine Webseite, Anwendung oder Plattform aufgenommen hat, von der aus er den angeforderten Dienst erbringt, basierend auf Kriterien wie dem herausgegeben Inhalt oder der H\u00e4ufigkeit, mit der die Werbeanzeigen gezeigt werden.<\/li>\n<li><strong>Verhaltensbasierte-Werbe-Cookies:<\/strong>\u00a0Diese erm\u00f6glichen die Verwaltung, und zwar so effizient wie m\u00f6glich, der Werbeanzeigen, die der Publisher gegebenenfalls in eine Webseite, Anwendung oder Plattform aufgenommen hat, von der er den angeforderten Dienst erbringt. Diese Cookies speichern Informationen \u00fcber das Verhalten der Benutzer, die durch die kontinuierliche Beobachtung ihrer Navigations-Gewohnheiten erhalten werden, wodurch ein eigenes Profil entwickeln werden kann, um entsprechende Werbung zu zeigen.<\/li>\n<\/ul>\n<p>Ebenso ist es m\u00f6glich, dass durch den Besuch einer Webseite oder das \u00d6ffnen einer E-Mail, in der eine Anzeige ver\u00f6ffentlicht ist oder eine Promo \u00fcber unsere Produkte oder Dienstleistungen erscheint, in Ihrem Browser Cookies installiert werden. Diese Cookies dienen uns dazu, Ihnen sp\u00e4ter Werbung im Zusammenhang mit\u00a0 einer Suche anzuzeigen, einen Kontrollmechanismus unserer Anzeigen zu entwickeln, z.B. dahingehend, wie oft sie aufgerufen wurden, auf welcher Seite sie auftauchen, um wie viel Uhr sie gesehen wurden usw.<\/p>\n<h2>Widerruf und L\u00f6schung von Cookies<\/h2>\n<p>Sie k\u00f6nnen Cookies blockieren oder beseitigen, die in Ihrem Ger\u00e4t installiert wurden, mittels Konfiguration der Optionen des Browsers, der auf Ihrem Computer installiert ist. Falls es nicht m\u00f6glich ist die Installation von Cookies in Ihrem Browser durchzuf\u00fchren, kann es sein, dass Sie auf einige Abschnitte unserer Webseite nicht zugreifen k\u00f6nnen.<\/p>\n<ul>\n<li><strong>Google Chrome:<\/strong>\u00a0http:\/\/support.google.com\/chrome\/bin\/answer.py?hl=es&amp;answer=95647<\/li>\n<li><strong>Internet Explorer:<\/strong>\u00a0http:\/\/windows.microsoft.com\/es-es\/windows7\/how-to-manage-cookies-in-internet-explorer-9<\/li>\n<li><strong>Mozilla Firefox:<\/strong>\u00a0http:\/\/support.mozilla.org\/es\/kb\/habilitar-y-deshabilitar-cookies-que-los-sitios-we<\/li>\n<li><strong>Apple Safari:<\/strong>\u00a0http:\/\/support.apple.com\/kb\/ph5042<\/li>\n<\/ul>\n        <div class=\"ct-ultimate-gdpr-container\">\n            <label for=\"ct-ultimate-gdpr-party-filter\"> First or Third Party Filter<\/label>\n            <select name=\"ct-ultimate-gdpr-party-filter\" id=\"ct-ultimate-gdpr-party-filter\">\n                <option value=\"\">Any<\/option>\n                <option value=\"Erste Party\">Erste Party<\/option>\n                <option value=\"Dritte\">Dritte<\/option>\n            <\/select>\n        <\/div>\n        <div id=\"ct-ultimate-gdpr-cookies-table\" class=\"ct-ultimate-gdpr-table-responsive table-responsive\">\n            <table>\n                <thead>\n                    <tr>\n                        <th>\n                            Cookie-Namen                        <\/th>\n                        <th>\n                            Art des Cookies                        <\/th>\n                        <th>\n                            Erster oder Dritter                        <\/th>\n                        <th>\n                            Kann blockiert werden                        <\/th>\n                        <th>\n                            Sitzung oder Persistent                        <\/th>\n                        <th>\n                            Verfallszeit                        <\/th>\n                        <th>\n                            Zweck                        <\/th>\n                    <\/tr>\n                <\/thead>\n                <tbody><\/tbody>\n            <\/table>\n        <\/div>\n\t\t\n<p><span style=\"line-height: 1.5em;\">N\u00e4here Informationen \u00fcber die Verwendung von Cookies erhalten Sie auf Anfrage an: info@jordan-mt.com<\/span>[\/vc_column_text][\/vc_column][\/vc_row]<\/p>\n<\/div>","protected":false},"excerpt":{"rendered":"<p>[vc_row full_width=&#8221;stretch_row&#8221; bg_type=&#8221;image&#8221; parallax_style=&#8221;vcpb-vz-jquery&#8221; bg_image_new=&#8221;id^9493|url^https:\/\/www.jordan-mt.com\/wp-content\/uploads\/revslider\/hood_main\/home_sl_2.jpg|caption^null|alt^null|title^home_sl_2.jpg|description^null&#8221; bg_image_repeat=&#8221;no-repeat&#8221; fadeout_row=&#8221;fadeout_row_value&#8221; el_class=&#8221;page-title-bar-jmt&#8221;][vc_column][\/vc_column][\/vc_row][vc_row el_class=&#8221;legal-notice-text&#8221;][vc_column][vc_column_text]Die j\u00fcngste \u00c4nderung von Rechtsvorschriften \u00fcber Werbung und Verwaltung der Zustimmung f\u00fcr die Verwendung von Cookies, Pixeln oder sonstigen Bestandteilen der Speicherung von Informationen birgt die Verpflichtung von Webseiten der Anpassung an die neuen Vorschriften \u00fcber Cookies des Gesetzes 34\/2002, der Dienste der Informationsgesellschaft und des elektronischen [&hellip;]<\/p>\n","protected":false},"author":1,"featured_media":0,"parent":0,"menu_order":0,"comment_status":"closed","ping_status":"closed","template":"","meta":{"footnotes":""},"class_list":["post-11971","page","type-page","status-publish","hentry"],"acf":[],"_links":{"self":[{"href":"https:\/\/www.jordan-mt.com\/de\/wp-json\/wp\/v2\/pages\/11971","targetHints":{"allow":["GET"]}}],"collection":[{"href":"https:\/\/www.jordan-mt.com\/de\/wp-json\/wp\/v2\/pages"}],"about":[{"href":"https:\/\/www.jordan-mt.com\/de\/wp-json\/wp\/v2\/types\/page"}],"author":[{"embeddable":true,"href":"https:\/\/www.jordan-mt.com\/de\/wp-json\/wp\/v2\/users\/1"}],"replies":[{"embeddable":true,"href":"https:\/\/www.jordan-mt.com\/de\/wp-json\/wp\/v2\/comments?post=11971"}],"version-history":[{"count":3,"href":"https:\/\/www.jordan-mt.com\/de\/wp-json\/wp\/v2\/pages\/11971\/revisions"}],"predecessor-version":[{"id":12282,"href":"https:\/\/www.jordan-mt.com\/de\/wp-json\/wp\/v2\/pages\/11971\/revisions\/12282"}],"wp:attachment":[{"href":"https:\/\/www.jordan-mt.com\/de\/wp-json\/wp\/v2\/media?parent=11971"}],"curies":[{"name":"wp","href":"https:\/\/api.w.org\/{rel}","templated":true}]}}